{"id":10,"date":"2015-05-20T10:17:15","date_gmt":"2015-05-20T10:17:15","guid":{"rendered":"http:\/\/www.hongonkalastus.com\/?page_id=10"},"modified":"2025-04-15T18:22:12","modified_gmt":"2025-04-15T18:22:12","slug":"etusivu","status":"publish","type":"page","link":"https:\/\/www.hongonkalastus.com\/","title":{"rendered":"ETUSIVU"},"content":{"rendered":"<p>Tervetuloa kalastamaan Kankaanp\u00e4\u00e4n Honkajoelle!<\/p>\n<p>Hongon osakaskunnan alue Kankaanp\u00e4\u00e4n Honkajoella kulkee pitkin Karvianjokea alkaen Vatajankosken alapuolelta ja p\u00e4\u00e4ttyen Katkonkyl\u00e4n siltaan, jonka j\u00e4lkeen alkaa Lauhalan osakaskunnan alue aina Karvian rajoille asti.<\/p>\n<p>Hongon osakaskunnan alueella on kymmenkunta koskea\/sahia, joissa on luontainen taimen- ja harjuskanta, joita molempia tuetaan istutuksin. Lis\u00e4ksi Honkajoen keskustan tuntumassa sijaitseviin Lankoskeen ja Hongonkoskeen istutamme s\u00e4\u00e4nn\u00f6llisesti kirjolohta.<\/p>\n<p>T\u00e4lle sivustolle pyrimme p\u00e4ivitt\u00e4m\u00e4\u00e4n ajankohtaista tietoa alueelta. Kannattaa ottaa seurantaan my\u00f6s Hongon kalastus facebookissa, jonne toivomme my\u00f6s julkaisuja tunnelmista ja hienoja olisivat my\u00f6s saaliskuvat! Tietoja ja kuvia saalista voi l\u00e4hett\u00e4\u00e4 my\u00f6s Tommi Laitilalle, jonka tiedot l\u00f6ytyv\u00e4t yhteystiedoista, julkaisemme niit\u00e4 facebookissa.<\/p>\n","protected":false},"excerpt":{"rendered":"<p>Tervetuloa kalastamaan Kankaanp\u00e4\u00e4n Honkajoelle! Hongon osakaskunnan alue Kankaanp\u00e4\u00e4n Honkajoella kulkee pitkin Karvianjokea alkaen Vatajankosken alapuolelta ja p\u00e4\u00e4ttyen Katkonkyl\u00e4n siltaan, jonka j\u00e4lkeen alkaa Lauhalan osakaskunnan alue aina Karvian rajoille asti. Hongon osakaskunnan alueella on kymmenkunta koskea\/sahia, joissa on luontainen taimen- ja harjuskanta, joita molempia tuetaan istutuksin. Lis\u00e4ksi Honkajoen keskustan tuntumassa sijaitseviin Lankoskeen ja Hongonkoskeen istutamme s\u00e4\u00e4nn\u00f6llisesti &#8230; <a class=\"read-more\" href=\"https:\/\/www.hongonkalastus.com\/\">Lue lis\u00e4\u00e4<\/a><\/p>\n","protected":false},"author":1,"featured_media":31,"parent":0,"menu_order":0,"comment_status":"closed","ping_status":"closed","template":"","meta":{"footnotes":""},"class_list":["post-10","page","type-page","status-publish","has-post-thumbnail","hentry"],"_links":{"self":[{"href":"https:\/\/www.hongonkalastus.com\/index.php\/wp-json\/wp\/v2\/pages\/10","targetHints":{"allow":["GET"]}}],"collection":[{"href":"https:\/\/www.hongonkalastus.com\/index.php\/wp-json\/wp\/v2\/pages"}],"about":[{"href":"https:\/\/www.hongonkalastus.com\/index.php\/wp-json\/wp\/v2\/types\/page"}],"author":[{"embeddable":true,"href":"https:\/\/www.hongonkalastus.com\/index.php\/wp-json\/wp\/v2\/users\/1"}],"replies":[{"embeddable":true,"href":"https:\/\/www.hongonkalastus.com\/index.php\/wp-json\/wp\/v2\/comments?post=10"}],"version-history":[{"count":15,"href":"https:\/\/www.hongonkalastus.com\/index.php\/wp-json\/wp\/v2\/pages\/10\/revisions"}],"predecessor-version":[{"id":488,"href":"https:\/\/www.hongonkalastus.com\/index.php\/wp-json\/wp\/v2\/pages\/10\/revisions\/488"}],"wp:featuredmedia":[{"embeddable":true,"href":"https:\/\/www.hongonkalastus.com\/index.php\/wp-json\/wp\/v2\/media\/31"}],"wp:attachment":[{"href":"https:\/\/www.hongonkalastus.com\/index.php\/wp-json\/wp\/v2\/media?parent=10"}],"curies":[{"name":"wp","href":"https:\/\/api.w.org\/{rel}","templated":true}]}}