{"id":17,"date":"2015-05-20T12:07:16","date_gmt":"2015-05-20T12:07:16","guid":{"rendered":"http:\/\/www.hongonkalastus.com\/?page_id=17"},"modified":"2025-04-15T17:54:57","modified_gmt":"2025-04-15T17:54:57","slug":"kalastusluvat","status":"publish","type":"page","link":"https:\/\/www.hongonkalastus.com\/index.php\/kalastusluvat\/","title":{"rendered":"KALASTUSLUVAT"},"content":{"rendered":"<p>Lupia myy: K-Market Honkajoki. <a href=\"http:\/\/www.hongonkalastus.com\/index.php\/yhteystiedot\/\">Yhteystiedot<\/a> sivulta l\u00f6ytyv\u00e4t my\u00f6s henkil\u00f6kohtaiset puhelinnumerot, joista voit tiedustella lupia yms. tarvittavaa tietoa alueesta.<\/p>\n<p>Voit maksaa luvan my\u00f6s nettipankissa tilille fi254720 1020 018452. Merkkaa saajaksi Hongon osakaskunta ja viestikentt\u00e4\u00e4n Kalastuslupa, merkkaa viestikentt\u00e4\u00e4n my\u00f6s alkamisaika, sek\u00e4 p\u00e4iv\u00e4m\u00e4\u00e4r\u00e4. Tulosta kuitti ja ota kuitti mukaasi joelle, jolloin se toimii kalastuslupana. Toki valvojamme voivat todentaa luvan my\u00f6s puhelimen muistista l\u00f6ytyv\u00e4st\u00e4 tositteesta.<\/p>\n<p>Kalastuskiinti\u00f6 on kaksi lohikalaa vuorokaudessa ja mieluummin lohikaloista ainoastaan kirjolohta ruokap\u00f6yt\u00e4\u00e4n.<\/p>\n<p>Lupien hinnat: Vieraslupa 15 euroa vrk, 30 euroa viikkokortti, 60 euroa vuosi. Paikkakuntalaiset 40 euroa vuosi. Vuosilupa sis\u00e4lt\u00e4\u00e4 yhden 12 &#8211; vuotiaan ja sit\u00e4 nuoremman lupamaksun samaan aikaan vanhemman kanssa kalastettaessa.<\/p>\n","protected":false},"excerpt":{"rendered":"<p>Lupia myy: K-Market Honkajoki. Yhteystiedot sivulta l\u00f6ytyv\u00e4t my\u00f6s henkil\u00f6kohtaiset puhelinnumerot, joista voit tiedustella lupia yms. tarvittavaa tietoa alueesta. Voit maksaa luvan my\u00f6s nettipankissa tilille fi254720 1020 018452. Merkkaa saajaksi Hongon osakaskunta ja viestikentt\u00e4\u00e4n Kalastuslupa, merkkaa viestikentt\u00e4\u00e4n my\u00f6s alkamisaika, sek\u00e4 p\u00e4iv\u00e4m\u00e4\u00e4r\u00e4. Tulosta kuitti ja ota kuitti mukaasi joelle, jolloin se toimii kalastuslupana. Toki valvojamme voivat todentaa &#8230; <a class=\"read-more\" href=\"https:\/\/www.hongonkalastus.com\/index.php\/kalastusluvat\/\">Lue lis\u00e4\u00e4<\/a><\/p>\n","protected":false},"author":1,"featured_media":44,"parent":0,"menu_order":0,"comment_status":"closed","ping_status":"closed","template":"","meta":{"footnotes":""},"class_list":["post-17","page","type-page","status-publish","has-post-thumbnail","hentry"],"_links":{"self":[{"href":"https:\/\/www.hongonkalastus.com\/index.php\/wp-json\/wp\/v2\/pages\/17","targetHints":{"allow":["GET"]}}],"collection":[{"href":"https:\/\/www.hongonkalastus.com\/index.php\/wp-json\/wp\/v2\/pages"}],"about":[{"href":"https:\/\/www.hongonkalastus.com\/index.php\/wp-json\/wp\/v2\/types\/page"}],"author":[{"embeddable":true,"href":"https:\/\/www.hongonkalastus.com\/index.php\/wp-json\/wp\/v2\/users\/1"}],"replies":[{"embeddable":true,"href":"https:\/\/www.hongonkalastus.com\/index.php\/wp-json\/wp\/v2\/comments?post=17"}],"version-history":[{"count":16,"href":"https:\/\/www.hongonkalastus.com\/index.php\/wp-json\/wp\/v2\/pages\/17\/revisions"}],"predecessor-version":[{"id":480,"href":"https:\/\/www.hongonkalastus.com\/index.php\/wp-json\/wp\/v2\/pages\/17\/revisions\/480"}],"wp:featuredmedia":[{"embeddable":true,"href":"https:\/\/www.hongonkalastus.com\/index.php\/wp-json\/wp\/v2\/media\/44"}],"wp:attachment":[{"href":"https:\/\/www.hongonkalastus.com\/index.php\/wp-json\/wp\/v2\/media?parent=17"}],"curies":[{"name":"wp","href":"https:\/\/api.w.org\/{rel}","templated":true}]}}