{"id":28,"date":"2015-05-22T09:43:26","date_gmt":"2015-05-22T09:43:26","guid":{"rendered":"http:\/\/www.hongonkalastus.com\/?page_id=28"},"modified":"2025-04-15T17:48:34","modified_gmt":"2025-04-15T17:48:34","slug":"kartta","status":"publish","type":"page","link":"https:\/\/www.hongonkalastus.com\/index.php\/kartta\/","title":{"rendered":"KARTTA"},"content":{"rendered":"<p>Linkist\u00e4 voita ladata pdf-kartan alueesta. Lis\u00e4ksi kartta l\u00f6ytyy infotaulusta Lankosken sillan kupeesta.<\/p>\n<p><a href=\"https:\/\/www.hongonkalastus.com\/wp-content\/uploads\/2025\/04\/Kalastusalueet.pdf\">Kalastusalueet<\/a><\/p>\n","protected":false},"excerpt":{"rendered":"<p>Linkist\u00e4 voita ladata pdf-kartan alueesta. Lis\u00e4ksi kartta l\u00f6ytyy infotaulusta Lankosken sillan kupeesta. Kalastusalueet<\/p>\n","protected":false},"author":1,"featured_media":46,"parent":0,"menu_order":0,"comment_status":"closed","ping_status":"closed","template":"","meta":{"footnotes":""},"class_list":["post-28","page","type-page","status-publish","has-post-thumbnail","hentry"],"_links":{"self":[{"href":"https:\/\/www.hongonkalastus.com\/index.php\/wp-json\/wp\/v2\/pages\/28","targetHints":{"allow":["GET"]}}],"collection":[{"href":"https:\/\/www.hongonkalastus.com\/index.php\/wp-json\/wp\/v2\/pages"}],"about":[{"href":"https:\/\/www.hongonkalastus.com\/index.php\/wp-json\/wp\/v2\/types\/page"}],"author":[{"embeddable":true,"href":"https:\/\/www.hongonkalastus.com\/index.php\/wp-json\/wp\/v2\/users\/1"}],"replies":[{"embeddable":true,"href":"https:\/\/www.hongonkalastus.com\/index.php\/wp-json\/wp\/v2\/comments?post=28"}],"version-history":[{"count":8,"href":"https:\/\/www.hongonkalastus.com\/index.php\/wp-json\/wp\/v2\/pages\/28\/revisions"}],"predecessor-version":[{"id":477,"href":"https:\/\/www.hongonkalastus.com\/index.php\/wp-json\/wp\/v2\/pages\/28\/revisions\/477"}],"wp:featuredmedia":[{"embeddable":true,"href":"https:\/\/www.hongonkalastus.com\/index.php\/wp-json\/wp\/v2\/media\/46"}],"wp:attachment":[{"href":"https:\/\/www.hongonkalastus.com\/index.php\/wp-json\/wp\/v2\/media?parent=28"}],"curies":[{"name":"wp","href":"https:\/\/api.w.org\/{rel}","templated":true}]}}